{"id":412,"date":"2019-02-20T01:36:20","date_gmt":"2019-02-20T04:36:20","guid":{"rendered":"http:\/\/www.contosinfantis.com.br\/loja\/?post_type=product&#038;p=412"},"modified":"2025-01-22T12:15:42","modified_gmt":"2025-01-22T15:15:42","slug":"mastercolecao","status":"publish","type":"product","link":"https:\/\/www.contosinfantis.com.br\/loja\/produto\/mastercolecao\/","title":{"rendered":"Contos Infantis &#8211; Mastercole\u00e7\u00e3o Impressa"},"content":{"rendered":"<div class=\"titulodepoimento\">Depoimento da Psicopedagoga Elaine Vasconcelos<\/div>\n<p><em>Especialista em psicologia da educa\u00e7\u00e3o e neuroci\u00eancia. <\/em><\/p>\n<p><iframe loading=\"lazy\" style=\"border: none; overflow: hidden;\" src=\"https:\/\/www.facebook.com\/plugins\/video.php?href=https%3A%2F%2Fwww.facebook.com%2Fcontosinfantisoficial%2Fvideos%2F1020602195031589%2F&amp;show_text=0&amp;width=380\" width=\"380\" height=\"476\" frameborder=\"0\" scrolling=\"no\" allowfullscreen=\"allowfullscreen\"><\/iframe><\/p>\n<div class=\"titulodepoimento\">Veja mais depoimentos dos contos que est\u00e3o na Mastercole\u00e7\u00e3o.<\/div>\n<div class=\"depoimento1\">\n<div class=\"fotos_master\"><img src=\"http:\/\/www.contosinfantis.com.br\/images\/fotoclube_mega.png\" alt=\"Rutilene\" \/><\/div>\n<div class=\"depoimentotexto\">&#8220;O livro \u00e9 simplesmente fant\u00e1stico, muito motivante, uma leitura gostosa. Com as dicas, ele me fez imaginar varias formas de incentivar meu filho a amar a leitura.&#8221;<\/div>\n<div class=\"nome\">Rutilene Ramos | Fonte: Amazon Brasil<\/div>\n<\/div>\n<div class=\"depoimento2\">\n<div class=\"fotos_master\"><img src=\"http:\/\/www.contosinfantis.com.br\/images\/fotohorta_mega.png\" alt=\"Gleice\" \/><\/div>\n<div class=\"depoimentotexto\">&#8220;Achei o livro muito bacana para incentivar as crian\u00e7as a comer melhor, e a parte dedicada aos pais \u00e9 de grande ajuda. Super recomendo!&#8221;<\/div>\n<div class=\"nome\">Gleice Rocha | Fonte: Amazon Brasil<\/div>\n<\/div>\n<div class=\"depoimento1\">\n<div class=\"fotos_master\"><img src=\"http:\/\/www.contosinfantis.com.br\/images\/fotobichos_mega.png\" alt=\"Cendy\" \/><\/div>\n<div class=\"depoimentotexto\">&#8220;Que livro incr\u00edvel e ador\u00e1vel de ler. Textos rimados, ilustra\u00e7\u00e3o encantadora e, no final, dicas muito importantes para os pais! O tema abordado \u00e9 incr\u00edvel.&#8221;<\/div>\n<div class=\"nome\">Cendy Piccine | Fonte: Amazon Brasil<\/div>\n<\/div>\n<p>&nbsp;<\/p>\n<div class=\"depoimento2\">\n<div class=\"fotos_master\"><img src=\"http:\/\/www.contosinfantis.com.br\/images\/fotomestre_mega.png\" alt=\"Jaqueline\" \/><\/div>\n<div class=\"depoimentotexto\">&#8220;Excelente livro. Uma \u00f3tima ajuda, para ensinar \u00e0s nossas crian\u00e7as o verdadeiro prazer em participar de algo, sem precisar ser sempre o vencedor.&#8221;<\/div>\n<div class=\"nome\">Jaqueline Balas | Fonte: Amazon Brasil<\/div>\n<\/div>\n<div class=\"depoimento1\">\n<div class=\"fotos_master\"><img src=\"http:\/\/www.contosinfantis.com.br\/images\/fotodetetive_mega.png\" alt=\"Slaine\" \/><\/div>\n<div class=\"depoimentotexto\">&#8220;O livro tem um excelente hist\u00f3ria em forma de poesia que encanta a crian\u00e7a. \u00c9 sobre um menino que aprende matem\u00e1tica brincando. Al\u00e9m de trazer dicas para os pais.&#8221;<\/div>\n<div class=\"nome\">Slaine Henriques | Fonte: Amazon Brasil<\/div>\n<\/div>\n<div class=\"depoimento2\">\n<div class=\"fotos_master\"><img src=\"http:\/\/www.contosinfantis.com.br\/images\/fotomundo_mega.png\" alt=\"Alana\" \/><\/div>\n<div class=\"depoimentotexto\">\u201cEu amei esse livro. Hugo, est\u00e1 de parab\u00e9ns. Meus primos entenderam a mensagem direito. Sou f\u00e3!!! O mais legal de tudo s\u00e3o as dicas muito essenciais para os pais.\u201d<\/div>\n<div class=\"nome\">Alana Andrade | Fonte: Amazon Brasil<\/div>\n<\/div>\n<div class=\"depoimento1\">\n<div class=\"fotos_master\"><img src=\"http:\/\/www.contosinfantis.com.br\/images\/fotocapitao_mega.png\" alt=\"Fl\u00e1via\" \/><\/div>\n<div class=\"depoimentotexto\">\u201cHugo, voc\u00ea foi genial nesse livro. Agora tenho um capit\u00e3o e uma imediata em casa (rsrsrs) acho que vai diminuir os dias em que tenho que dividir minha cama com os meus filhos.\u201d<\/div>\n<div class=\"nome\">Fl\u00e1via Rodrigues | Fonte: Amazon Brasil<\/div>\n<\/div>\n<div class=\"depoimento2\">\n<div class=\"fotos_master\"><img src=\"http:\/\/www.contosinfantis.com.br\/images\/fotovogais_mega.png\" alt=\"Luciana\" \/><\/div>\n<div class=\"depoimentotexto\">\u201cEu amei esse livro. Hugo, est\u00e1 de parab\u00e9ns. Meus primos entenderam a mensagem direito. Sou f\u00e3!!! O mais legal de tudo s\u00e3o as dicas muito essenciais para os pais.\u201d<\/div>\n<div class=\"nome\">Luciana | Fonte: Amazon Brasil<\/div>\n<\/div>\n<div class=\"depoimento1\">\n<div class=\"fotos_master\"><img src=\"http:\/\/www.contosinfantis.com.br\/images\/fotomenino_mega.png\" alt=\"Adriana\" \/><\/div>\n<div class=\"depoimentotexto\">\u201cPare tudo que est\u00e1 fazendo e leia esse livro para seu filho e tamb\u00e9m guarde as dicas para sua vida, sim porque \u00e9 um livro infantil mas com dicas para adultos n\u00e3o desistirem de seus sonhos!\u201d<\/div>\n<div class=\"nome\">Adriana Mellado | Fonte: Amazon Brasil<\/div>\n<\/div>\n<div class=\"depoimento2\">\n<div class=\"fotos_master\"><img src=\"http:\/\/www.contosinfantis.com.br\/images\/fotodinossauro_mega.png\" alt=\"Daniela\" \/><\/div>\n<div class=\"depoimentotexto\">\u201cMaravilhoso e supreendentemente did\u00e1tico, a forma como o Hugo desenvolve as hist\u00f3rias educativas envolve n\u00e3o somente as crian\u00e7as mas os pais tamb\u00e9m.\u201d<\/div>\n<div class=\"nome\">Daniela | Fonte: Amazon Brasil<\/div>\n<\/div>\n<div class=\"depoimento1\">\n<div class=\"fotos_master\"><img src=\"http:\/\/www.contosinfantis.com.br\/images\/fotoaventureira_mega.png\" alt=\"Suelen\" \/><\/div>\n<div class=\"depoimentotexto\">\u201cMeu filho adorou essa hist\u00f3ria, se sentiu super conectado com a personagem. Muito interessante os enigmas que foram introduzidos na Leitura. Super indico\u201d<\/div>\n<div class=\"nome\">Suelen Philomeno | Fonte: Amazon Brasil<\/div>\n<\/div>\n<div class=\"depoimento2\">\n<div class=\"fotos_master\"><img src=\"http:\/\/www.contosinfantis.com.br\/images\/fotofloresta_mega.png\" alt=\"Aline\" \/><\/div>\n<div class=\"depoimentotexto\">\u201cUm dos h\u00e1bitos que est\u00e1 se perdendo nesse mundo (\u2026). Nesse livro, vemos que essa \u00e9 uma atitude que deve ser refor\u00e7ada e ensinada para as crian\u00e7as. \u00c9 uma hist\u00f3ria leve e divertida.\u201d<\/div>\n<div class=\"nome\">Aline Guimar\u00e3es | Fonte: Amazon Brasil<\/div>\n<\/div>\n<div class=\"depoimento1\">\n<div class=\"fotos_master\"><img src=\"http:\/\/www.contosinfantis.com.br\/images\/fotosamurai_mega.png\" alt=\"Suelen\" \/><\/div>\n<div class=\"depoimentotexto\">\u201cUma leitura r\u00e1pida e gostosa de fazer. As dicas s\u00e3o importantes e f\u00e1ceis de aplicar. Indico aos pais e professores!\u201d<\/div>\n<div class=\"nome\">Cristiane Soares | Fonte: Amazon Brasil<\/div>\n<\/div>\n<div class=\"depoimento2\">\n<div class=\"fotos_master\"><img src=\"http:\/\/www.contosinfantis.com.br\/images\/fotomonstrinho_mega.png\" alt=\"Adriana\" \/><\/div>\n<div class=\"depoimentotexto\">\u201cEsses livros s\u00e3o fofos e lindos para ler para seu filho, bem escrito, f\u00e1cil de entender e com dicas no final maravilhosas e simples. Vale muito a pena comprar e ler\u201d<\/div>\n<div class=\"nome\">Adriana Mellado | Fonte: Amazon Brasil | Autora do <strong>comentalivros.com<\/strong><\/div>\n<\/div>\n<div class=\"depoimento1\">\n<div class=\"fotos_master_semleitor\"><img src=\"http:\/\/www.contosinfantis.com.br\/images\/analogia.png\" alt=\"analogia\" \/><\/div>\n<div class=\"depoimentotexto\">Saber como o aprendizado acontece, al\u00e9m de estimular, evita as armadilhas da desmotiva\u00e7\u00e3o. Com esse livro, seu filho vai se sentir motivado e inspirado.<\/div>\n<div class=\"nome\"><strong>In\u00e9dito<\/strong> na Amazon Brasil<\/div>\n<\/div>\n<div class=\"depoimento1\">\n<div class=\"fotos_master_semleitor\"><img src=\"http:\/\/www.contosinfantis.com.br\/images\/astronauta.png\" alt=\"astronauta\" \/><\/div>\n<div class=\"depoimentotexto\">Com esse livro, seu filho vai aprender que ser respons\u00e1vel \u00e9 um verdadeiro dom daqueles que podem fazer escolhas e corres atr\u00e1s de seus sonhos.<\/div>\n<div class=\"nome\"><strong>In\u00e9dito<\/strong> na Amazon Brasil<\/div>\n<\/div>\n<div class=\"duvidas\">D\u00favidas? A gente ajuda \ud83d\ude42 <strong>contato@contosinfantis.com.br<\/strong><\/div>\n","protected":false},"excerpt":{"rendered":"<p><strong> 16 contos que v\u00e3o educar e desenvolver o lado emocional do seu pequeno<\/strong> em 3 Superlivros Impressos.<\/p>\n<p>Uma cole\u00e7\u00e3o \u00fanica, inovadora, pensada para as necessidades atuais das crian\u00e7as.<\/p>\n<div class=\"seislivros\"><img src=\"http:\/\/www.contosinfantis.com.br\/images\/master_livros_woocommerce.png\" alt=\"\" \/><\/div>\n<p><em>A imagem acima \u00e9 ilustrativa e representa os contos. <strong>S\u00e3o 16 contos em 3 livros impressos.<\/strong><\/em><\/p>\n<p>DISPON\u00cdVEL COM PRE\u00c7O PROMOCIONAL HOJE. <strong>O estoque est\u00e1 acabando. <\/strong><\/p>\n<p>Se voc\u00ea quer os livros impressos da cole\u00e7\u00e3o mais indicada por psic\u00f3logos infantis e educadores, <strong>aproveite agora para garantir<\/strong>.<\/p>\n<p>Se n\u00e3o conseguir comprar por falta de estoque, pedimos paci\u00eancia, estamos recebendo muitos pedidos.<\/p>\n<p><strong>Garantia Incondicional<\/strong> de 7 dias ap\u00f3s o recebimento. Voc\u00ea fica satisfeito ou recebe 100% do seu dinheiro de volta.<\/p>\n","protected":false},"featured_media":414,"template":"","meta":{"generate_page_header":""},"_links":{"self":[{"href":"https:\/\/www.contosinfantis.com.br\/loja\/wp-json\/wp\/v2\/product\/412"}],"collection":[{"href":"https:\/\/www.contosinfantis.com.br\/loja\/wp-json\/wp\/v2\/product"}],"about":[{"href":"https:\/\/www.contosinfantis.com.br\/loja\/wp-json\/wp\/v2\/types\/product"}],"wp:featuredmedia":[{"embeddable":true,"href":"https:\/\/www.contosinfantis.com.br\/loja\/wp-json\/wp\/v2\/media\/414"}],"wp:attachment":[{"href":"https:\/\/www.contosinfantis.com.br\/loja\/wp-json\/wp\/v2\/media?parent=412"}],"curies":[{"name":"wp","href":"https:\/\/api.w.org\/{rel}","templated":true}]}}