{"id":7,"date":"2017-01-13T05:22:36","date_gmt":"2017-01-13T07:22:36","guid":{"rendered":"http:\/\/www.contosinfantis.com.br\/loja\/minha-conta\/"},"modified":"2021-04-26T19:56:25","modified_gmt":"2021-04-26T22:56:25","slug":"minha-conta","status":"publish","type":"page","link":"https:\/\/www.contosinfantis.com.br\/loja\/minha-conta\/","title":{"rendered":"Minha conta"},"content":{"rendered":"<p><div class=\"woocommerce\"><\/div><br \/>\n<br \/>\nSe o pedido estiver em <strong>&#8220;PROCESSANDO&#8221;<\/strong>, significa que sua compra j\u00e1 foi aprovada.<br \/>\nAguarde a postagem nos Correios.  <\/p>\n<p>Se o pedido estiver em <strong>&#8220;AGUARDANDO&#8221;<\/strong>, significa aguardando o pagamento.<br \/>\nCaso voc\u00ea tenha j\u00e1 pagado por boleto, \u00e9 s\u00f3 aguardar.<br \/>\n<br \/>\nPagamentos por boletos podem demorar at\u00e9 3 dias \u00fateis. <\/p>\n","protected":false},"excerpt":{"rendered":"<p>Se o pedido estiver em &#8220;PROCESSANDO&#8221;, significa que sua compra j\u00e1 foi aprovada. Aguarde a postagem nos Correios. Se o pedido estiver em &#8220;AGUARDANDO&#8221;, significa aguardando o pagamento. Caso voc\u00ea tenha j\u00e1 pagado por boleto, \u00e9 s\u00f3 aguardar. Pagamentos por boletos podem demorar at\u00e9 3 dias \u00fateis.<\/p>\n","protected":false},"author":1,"featured_media":0,"parent":0,"menu_order":0,"comment_status":"closed","ping_status":"closed","template":"","meta":{"generate_page_header":""},"_links":{"self":[{"href":"https:\/\/www.contosinfantis.com.br\/loja\/wp-json\/wp\/v2\/pages\/7"}],"collection":[{"href":"https:\/\/www.contosinfantis.com.br\/loja\/wp-json\/wp\/v2\/pages"}],"about":[{"href":"https:\/\/www.contosinfantis.com.br\/loja\/wp-json\/wp\/v2\/types\/page"}],"author":[{"embeddable":true,"href":"https:\/\/www.contosinfantis.com.br\/loja\/wp-json\/wp\/v2\/users\/1"}],"replies":[{"embeddable":true,"href":"https:\/\/www.contosinfantis.com.br\/loja\/wp-json\/wp\/v2\/comments?post=7"}],"version-history":[{"count":5,"href":"https:\/\/www.contosinfantis.com.br\/loja\/wp-json\/wp\/v2\/pages\/7\/revisions"}],"predecessor-version":[{"id":1331,"href":"https:\/\/www.contosinfantis.com.br\/loja\/wp-json\/wp\/v2\/pages\/7\/revisions\/1331"}],"wp:attachment":[{"href":"https:\/\/www.contosinfantis.com.br\/loja\/wp-json\/wp\/v2\/media?parent=7"}],"curies":[{"name":"wp","href":"https:\/\/api.w.org\/{rel}","templated":true}]}}